{"id":86,"date":"2026-01-27T11:15:18","date_gmt":"2026-01-27T11:15:18","guid":{"rendered":"https:\/\/wordpress.vecurosoft.com\/techbiz\/?page_id=86"},"modified":"2026-03-31T19:19:00","modified_gmt":"2026-03-31T19:19:00","slug":"contato","status":"publish","type":"page","link":"https:\/\/simsoft.com.br\/index.php\/contato\/","title":{"rendered":"Contato"},"content":{"rendered":"\t\t<div data-elementor-type=\"wp-page\" data-elementor-id=\"86\" class=\"elementor elementor-86\">\n\t\t\t\t\t\t<section class=\"elementor-section elementor-top-section elementor-element elementor-element-33b4740 elementor-section-full_width elementor-section-height-default elementor-section-height-default\" data-id=\"33b4740\" data-element_type=\"section\">\n\t\t\t\t\t\t<div class=\"elementor-container elementor-column-gap-no\">\n\t\t\t\t\t<div class=\"elementor-column elementor-col-100 elementor-top-column elementor-element elementor-element-55f84ff\" data-id=\"55f84ff\" data-element_type=\"column\">\n\t\t\t<div class=\"elementor-widget-wrap elementor-element-populated\">\n\t\t\t\t\t\t<section class=\"elementor-section elementor-inner-section elementor-element elementor-element-1cd676f elementor-section-boxed elementor-section-height-default elementor-section-height-default\" data-id=\"1cd676f\" data-element_type=\"section\">\n\t\t\t\t\t\t<div class=\"elementor-container elementor-column-gap-no\">\n\t\t\t\t\t<div class=\"elementor-column elementor-col-50 elementor-inner-column elementor-element elementor-element-35e1b6f\" data-id=\"35e1b6f\" data-element_type=\"column\">\n\t\t\t<div class=\"elementor-widget-wrap elementor-element-populated\">\n\t\t\t\t\t\t<div class=\"elementor-element elementor-element-e305919 elementor-widget elementor-widget-text-editor\" data-id=\"e305919\" data-element_type=\"widget\" data-widget_type=\"text-editor.default\">\n\t\t\t\t\t\t\t\t\t<div class=\"contact-container\">\n    <h3 class=\"contact-title\">Unidade Ribeir\u00e3o Preto \u2013 SP<\/h3>\n    <p class=\"contact-subtitle\">Escolha o canal desejado para falar com nossa equipe via WhatsApp:<\/p>\n\n    <div class=\"contact-card\">\n        <div class=\"card-body\">\n            <h4 class=\"card-label\">Atendimento Suporte<\/h4>\n            <p class=\"card-info\">Segunda a Sexta: 08:00 \u00e0s 20:00<\/p>\n            <a class=\"btn-whatsapp\" href=\"https:\/\/wa.me\/5516997039343\" target=\"_blank\" rel=\"noopener\">\n                <i class=\"fab fa-whatsapp\"><\/i> WhatsApp Suporte\n            <\/a>\n\n        <\/div>\n    <\/div>\n    <div class=\"contact-card\">\n        <div class=\"card-body\">\n            <h4 class=\"card-label\">Atendimento Plant\u00e3o<\/h4>\n            <ul class=\"schedule-list\">\n                <li><strong>Seg-Sex:<\/strong> 20:00 &#8211; 23:59<\/li>\n                <li><strong>S\u00e1b-Dom:<\/strong> 08:00 &#8211; 23:59<\/li>\n                <li><strong>Feriados:<\/strong> 08:00 &#8211; 23:59<\/li>\n            <\/ul>\n            <a class=\"btn-whatsapp plantao\" href=\"https:\/\/wa.me\/5516997941540\" target=\"_blank\" rel=\"noopener\">\n                <i class=\"fab fa-whatsapp\"><\/i> WhatsApp Plant\u00e3o\n            <\/a>\n\n        <\/div>\n    <\/div>\n    <div class=\"contact-card\">\n        <div class=\"card-body\">\n            <h4 class=\"card-label\">Comercial<\/h4>\n            <p class=\"card-info\">Fale com nossos consultores<\/p>\n            <a class=\"btn-whatsapp comercial\" href=\"https:\/\/wa.me\/5516997191893\" target=\"_blank\" rel=\"noopener\">\n                <i class=\"fab fa-whatsapp\"><\/i> WhatsApp Comercial\n            <\/a>\n\n        <\/div>\n    <\/div>\n\n    <hr \/>\n\n    <div class=\"contact-footer\" style=\"width: 100%; max-width: 100%;\">\n        <h4 class=\"contact-box__label\">Endere\u00e7o<\/h4>\n        <p class=\"contact-box__info\" style=\"display: block; width: 100%; max-width: 100%; white-space: normal; overflow-wrap: anywhere; line-height: 1.5;\">\n            Rua Alice Alem Saadi, 855, Sala 908<br>\nBairro Nova Ribeir\u00e2nia\n<br>CEP 14096-570<br>\nRibeir\u00e3o Preto-SP\n        <\/p>\n    <\/div>\n<\/div>\t\t\t\t\t\t\t\t<\/div>\n\t\t\t\t\t<\/div>\n\t\t<\/div>\n\t\t\t\t<div class=\"elementor-column elementor-col-50 elementor-inner-column elementor-element elementor-element-36421fa\" data-id=\"36421fa\" data-element_type=\"column\">\n\t\t\t<div class=\"elementor-widget-wrap elementor-element-populated\">\n\t\t\t\t\t\t<div class=\"elementor-element elementor-element-32fe729 elementor-widget elementor-widget-google_maps\" data-id=\"32fe729\" data-element_type=\"widget\" data-widget_type=\"google_maps.default\">\n\t\t\t\t\t\t\t<div class=\"elementor-custom-embed\">\n\t\t\t<iframe loading=\"lazy\"\n\t\t\t\t\tsrc=\"https:\/\/maps.google.com\/maps?q=Rua%20Alice%20Alem%20Saadi%2C%20855%2C%20Sala%20908%20Bairro%20Nova%20Ribeir%C3%A2nia%20CEP%2014096-570%20%E2%80%93%20Ribeir%C3%A3o%20Preto%2FSP&#038;t=m&#038;z=15&#038;output=embed&#038;iwloc=near\"\n\t\t\t\t\ttitle=\"Rua Alice Alem Saadi, 855, Sala 908 Bairro Nova Ribeir\u00e2nia CEP 14096-570 \u2013 Ribeir\u00e3o Preto\/SP\"\n\t\t\t\t\taria-label=\"Rua Alice Alem Saadi, 855, Sala 908 Bairro Nova Ribeir\u00e2nia CEP 14096-570 \u2013 Ribeir\u00e3o Preto\/SP\"\n\t\t\t><\/iframe>\n\t\t<\/div>\n\t\t\t\t\t\t<\/div>\n\t\t\t\t\t<\/div>\n\t\t<\/div>\n\t\t\t\t\t<\/div>\n\t\t<\/section>\n\t\t\t\t\t<\/div>\n\t\t<\/div>\n\t\t\t\t\t<\/div>\n\t\t<\/section>\n\t\t\t\t<\/div>\n\t\t","protected":false},"excerpt":{"rendered":"<p>Unidade Ribeir\u00e3o Preto \u2013 SP Escolha o canal desejado para falar com nossa equipe via WhatsApp: Atendimento Suporte Segunda a Sexta: 08:00 \u00e0s 20:00 WhatsApp Suporte Atendimento Plant\u00e3o Seg-Sex: 20:00 &#8211; 23:59 S\u00e1b-Dom: 08:00 &#8211; 23:59 Feriados: 08:00 &#8211; 23:59 WhatsApp Plant\u00e3o Comercial Fale com nossos consultores WhatsApp Comercial Endere\u00e7o Rua Alice Alem Saadi, 855,&#8230;<\/p>\n","protected":false},"author":1,"featured_media":0,"parent":0,"menu_order":0,"comment_status":"closed","ping_status":"closed","template":"","meta":{"footnotes":""},"class_list":["post-86","page","type-page","status-publish","hentry"],"_links":{"self":[{"href":"https:\/\/simsoft.com.br\/index.php\/wp-json\/wp\/v2\/pages\/86","targetHints":{"allow":["GET"]}}],"collection":[{"href":"https:\/\/simsoft.com.br\/index.php\/wp-json\/wp\/v2\/pages"}],"about":[{"href":"https:\/\/simsoft.com.br\/index.php\/wp-json\/wp\/v2\/types\/page"}],"author":[{"embeddable":true,"href":"https:\/\/simsoft.com.br\/index.php\/wp-json\/wp\/v2\/users\/1"}],"replies":[{"embeddable":true,"href":"https:\/\/simsoft.com.br\/index.php\/wp-json\/wp\/v2\/comments?post=86"}],"version-history":[{"count":34,"href":"https:\/\/simsoft.com.br\/index.php\/wp-json\/wp\/v2\/pages\/86\/revisions"}],"predecessor-version":[{"id":13140,"href":"https:\/\/simsoft.com.br\/index.php\/wp-json\/wp\/v2\/pages\/86\/revisions\/13140"}],"wp:attachment":[{"href":"https:\/\/simsoft.com.br\/index.php\/wp-json\/wp\/v2\/media?parent=86"}],"curies":[{"name":"wp","href":"https:\/\/api.w.org\/{rel}","templated":true}]}}