{"id":67,"date":"2026-01-28T11:04:36","date_gmt":"2026-01-28T11:04:36","guid":{"rendered":"https:\/\/wordpress.vecurosoft.com\/techbiz\/?page_id=67"},"modified":"2026-03-12T17:30:39","modified_gmt":"2026-03-12T17:30:39","slug":"about-us","status":"publish","type":"page","link":"https:\/\/simsoft.com.br\/index.php\/about-us\/","title":{"rendered":"Sobre N\u00f3s"},"content":{"rendered":"\t\t<div data-elementor-type=\"wp-page\" data-elementor-id=\"67\" class=\"elementor elementor-67\">\n\t\t\t\t\t\t<section class=\"elementor-section elementor-top-section elementor-element elementor-element-c09e5a3 elementor-section-full_width elementor-section-height-default elementor-section-height-default\" data-id=\"c09e5a3\" data-element_type=\"section\">\n\t\t\t\t\t\t<div class=\"elementor-container elementor-column-gap-no\">\n\t\t\t\t\t<div class=\"elementor-column elementor-col-100 elementor-top-column elementor-element elementor-element-2fe90ce\" data-id=\"2fe90ce\" data-element_type=\"column\">\n\t\t\t<div class=\"elementor-widget-wrap elementor-element-populated\">\n\t\t\t\t\t\t<section class=\"elementor-section elementor-inner-section elementor-element elementor-element-986298f elementor-section-boxed elementor-section-height-default elementor-section-height-default\" data-id=\"986298f\" data-element_type=\"section\">\n\t\t\t\t\t\t<div class=\"elementor-container elementor-column-gap-no\">\n\t\t\t\t\t<div class=\"elementor-column elementor-col-100 elementor-inner-column elementor-element elementor-element-698108f\" data-id=\"698108f\" data-element_type=\"column\">\n\t\t\t<div class=\"elementor-widget-wrap elementor-element-populated\">\n\t\t\t\t\t\t<div class=\"elementor-element elementor-element-ebae3d0 elementor-widget elementor-widget-techbizserviceslider\" data-id=\"ebae3d0\" data-element_type=\"widget\" data-widget_type=\"techbizserviceslider.default\">\n\t\t\t\t<div class=\"elementor-widget-container\">\n\t\t\t\t\t<div class=\"service-wrapper\"><div class=\"container\"><div class=\"row vs-carousel\" data-slick-autoplay=\"false\" data-slick-arrows=\"false\" data-slide-to-show=\"3\"><div class=\"col-md-6 col-lg-4\"><div class=\"service-style1 layout3\"><div class=\"service-bg\" data-bg-src=\"\"><\/div><div class=\"service-top\"><div class=\"service-icon\"><img decoding=\"async\" src=\"https:\/\/simsoft.com.br\/wp-content\/uploads\/2026\/01\/1-3.png\" alt=\"1 3\"  \/><\/div><span class=\"service-number\">01<\/span><\/div><h3 class=\"service-title h5\"><a href=\"\">Miss\u00e3o<\/a><\/h3><p class=\"service-text\">Fornecer software de gest\u00e3o para empresas por meio de solu\u00e7\u00f5es confi\u00e1veis, com seriedade, responsabilidade e comprometimento. Mais do que sistemas, entregamos orienta\u00e7\u00e3o e acompanhamento para facilitar a rotina e aumentar a clareza das decis\u00f5es.<\/p><\/div><\/div><div class=\"col-md-6 col-lg-4\"><div class=\"service-style1 layout3\"><div class=\"service-bg\" data-bg-src=\"\"><\/div><div class=\"service-top\"><div class=\"service-icon\"><img decoding=\"async\" src=\"https:\/\/simsoft.com.br\/wp-content\/uploads\/2026\/01\/2-3.png\" alt=\"2 3\"  \/><\/div><span class=\"service-number\">02<\/span><\/div><h3 class=\"service-title h5\"><a href=\"\">Vis\u00e3o<\/a><\/h3><p class=\"service-text\">Atingir 1.000 clientes ativos e estar presente em todos os estados do Brasil at\u00e9 2030, mantendo a qualidade no atendimento e a evolu\u00e7\u00e3o constante das solu\u00e7\u00f5es. Crescer para ampliar impacto, sem abrir m\u00e3o da proximidade com quem confia no nosso trabalho.<\/p><\/div><\/div><div class=\"col-md-6 col-lg-4\"><div class=\"service-style1 layout3\"><div class=\"service-bg\" data-bg-src=\"\"><\/div><div class=\"service-top\"><div class=\"service-icon\"><img decoding=\"async\" src=\"https:\/\/simsoft.com.br\/wp-content\/uploads\/2026\/01\/3-3.png\" alt=\"3 3\"  \/><\/div><span class=\"service-number\">03<\/span><\/div><h3 class=\"service-title h5\"><a href=\"\">Valores<\/a><\/h3><p class=\"service-text\">Acreditamos em Deus, valorizamos pessoas e colocamos o atendimento humano no centro de tudo. Constru\u00edmos rela\u00e7\u00f5es com base em amizade e respeito, buscando sempre resultado, consist\u00eancia e parceria de longo prazo.<\/p><\/div><\/div><\/div><\/div><\/div>\t\t\t\t<\/div>\n\t\t\t\t<\/div>\n\t\t\t\t\t<\/div>\n\t\t<\/div>\n\t\t\t\t\t<\/div>\n\t\t<\/section>\n\t\t\t\t\t<\/div>\n\t\t<\/div>\n\t\t\t\t\t<\/div>\n\t\t<\/section>\n\t\t\t\t<section class=\"elementor-section elementor-top-section elementor-element elementor-element-2103981 elementor-section-full_width elementor-section-height-default elementor-section-height-default\" data-id=\"2103981\" data-element_type=\"section\" data-settings=\"{&quot;background_background&quot;:&quot;classic&quot;}\">\n\t\t\t\t\t\t<div class=\"elementor-container elementor-column-gap-no\">\n\t\t\t\t\t<div class=\"elementor-column elementor-col-100 elementor-top-column elementor-element elementor-element-77a7f70\" data-id=\"77a7f70\" data-element_type=\"column\">\n\t\t\t<div class=\"elementor-widget-wrap elementor-element-populated\">\n\t\t\t\t\t\t<section class=\"elementor-section elementor-inner-section elementor-element elementor-element-31c0769 elementor-section-boxed elementor-section-height-default elementor-section-height-default\" data-id=\"31c0769\" data-element_type=\"section\">\n\t\t\t\t\t\t<div class=\"elementor-container elementor-column-gap-no\">\n\t\t\t\t\t<div class=\"elementor-column elementor-col-50 elementor-inner-column elementor-element elementor-element-036a610\" data-id=\"036a610\" data-element_type=\"column\">\n\t\t\t<div class=\"elementor-widget-wrap elementor-element-populated\">\n\t\t\t\t\t\t<div class=\"elementor-element elementor-element-256d1ff elementor-widget elementor-widget-techbizsectiontitle\" data-id=\"256d1ff\" data-element_type=\"widget\" data-widget_type=\"techbizsectiontitle.default\">\n\t\t\t\t<div class=\"elementor-widget-container\">\n\t\t\t\t\t<!-- Section Title --><div class=\"title-area\" ><h3 class=\"sec-title3 title-selector h1\">Com mais de  27 anos transformando gest\u00e3o em resultado real<\/h3><p class=\"desc\">A Simsoft RP Tecnologia e Software Ltda \u00e9 uma Software House de Ribeir\u00e3o Preto-SP com 28 anos de mercado, dedicada a desenvolver solu\u00e7\u00f5es de gest\u00e3o que organizam a opera\u00e7\u00e3o e aceleram o crescimento de empresas. Atuamos com seriedade, responsabilidade e compromisso, entregando tecnologia est\u00e1vel com suporte pr\u00f3ximo para o cliente evoluir com seguran\u00e7a.<\/p><\/div><!-- End Section Title -->\t\t\t\t<\/div>\n\t\t\t\t<\/div>\n\t\t\t\t<div class=\"elementor-element elementor-element-ef9b3cd elementor-widget elementor-widget-spacer\" data-id=\"ef9b3cd\" data-element_type=\"widget\" data-widget_type=\"spacer.default\">\n\t\t\t\t\t\t\t<div class=\"elementor-spacer\">\n\t\t\t<div class=\"elementor-spacer-inner\"><\/div>\n\t\t<\/div>\n\t\t\t\t\t\t<\/div>\n\t\t\t\t<div class=\"elementor-element elementor-element-4f27824 elementor-widget elementor-widget-techbizbutton\" data-id=\"4f27824\" data-element_type=\"widget\" data-widget_type=\"techbizbutton.default\">\n\t\t\t\t<div class=\"elementor-widget-container\">\n\t\t\t\t\t<!-- Button --><div class=\"btn-wrapper\"><a class=\"vs-btn\" href=\"https:\/\/wa.me\/5516997191893\" target=\"_blank\">Fale Conosco<i class=\"far fa-long-arrow-right\"><\/i><\/a><\/div><!-- End Button -->\t\t\t\t<\/div>\n\t\t\t\t<\/div>\n\t\t\t\t\t<\/div>\n\t\t<\/div>\n\t\t\t\t<div class=\"elementor-column elementor-col-50 elementor-inner-column elementor-element elementor-element-3a732a4 extra-big\" data-id=\"3a732a4\" data-element_type=\"column\" data-settings=\"{&quot;background_background&quot;:&quot;classic&quot;}\">\n\t\t\t<div class=\"elementor-widget-wrap elementor-element-populated\">\n\t\t\t\t\t\t<div class=\"elementor-element elementor-element-d56cb54 elementor-widget elementor-widget-image\" data-id=\"d56cb54\" data-element_type=\"widget\" data-widget_type=\"image.default\">\n\t\t\t\t\t\t\t\t\t\t\t\t\t\t\t<img fetchpriority=\"high\" decoding=\"async\" width=\"387\" height=\"375\" src=\"https:\/\/simsoft.com.br\/wp-content\/uploads\/2026\/01\/2-7.png\" class=\"attachment-large size-large wp-image-12849\" alt=\"\" srcset=\"https:\/\/simsoft.com.br\/wp-content\/uploads\/2026\/01\/2-7.png 387w, https:\/\/simsoft.com.br\/wp-content\/uploads\/2026\/01\/2-7-300x291.png 300w\" sizes=\"(max-width: 387px) 100vw, 387px\" \/>\t\t\t\t\t\t\t\t\t\t\t\t\t\t\t<\/div>\n\t\t\t\t\t<\/div>\n\t\t<\/div>\n\t\t\t\t\t<\/div>\n\t\t<\/section>\n\t\t\t\t\t<\/div>\n\t\t<\/div>\n\t\t\t\t\t<\/div>\n\t\t<\/section>\n\t\t\t\t<section class=\"elementor-section elementor-top-section elementor-element elementor-element-cdf398f elementor-section-full_width elementor-hidden-desktop elementor-hidden-tablet elementor-hidden-mobile elementor-section-height-default elementor-section-height-default\" data-id=\"cdf398f\" data-element_type=\"section\" data-settings=\"{&quot;background_background&quot;:&quot;classic&quot;}\">\n\t\t\t\t\t\t<div class=\"elementor-container elementor-column-gap-no\">\n\t\t\t\t\t<div class=\"elementor-column elementor-col-100 elementor-top-column elementor-element elementor-element-a77c6de\" data-id=\"a77c6de\" data-element_type=\"column\">\n\t\t\t<div class=\"elementor-widget-wrap elementor-element-populated\">\n\t\t\t\t\t\t<section class=\"elementor-section elementor-inner-section elementor-element elementor-element-5000987 elementor-section-boxed elementor-section-height-default elementor-section-height-default\" data-id=\"5000987\" data-element_type=\"section\">\n\t\t\t\t\t\t<div class=\"elementor-container elementor-column-gap-no\">\n\t\t\t\t\t<div class=\"elementor-column elementor-col-50 elementor-inner-column elementor-element elementor-element-c918627\" data-id=\"c918627\" data-element_type=\"column\">\n\t\t\t<div class=\"elementor-widget-wrap elementor-element-populated\">\n\t\t\t\t\t\t<div class=\"elementor-element elementor-element-0291f06 elementor-widget elementor-widget-techbizsectiontitle\" data-id=\"0291f06\" data-element_type=\"widget\" data-widget_type=\"techbizsectiontitle.default\">\n\t\t\t\t<div class=\"elementor-widget-container\">\n\t\t\t\t\t<!-- Section Title --><div class=\"title-area\" ><h3 class=\"sec-title3 title-selector h1\">Quem usa, sente a diferen\u00e7a no dia a dia<\/h3><\/div><!-- End Section Title -->\t\t\t\t<\/div>\n\t\t\t\t<\/div>\n\t\t\t\t\t<\/div>\n\t\t<\/div>\n\t\t\t\t<div class=\"elementor-column elementor-col-50 elementor-inner-column elementor-element elementor-element-b55e36c\" data-id=\"b55e36c\" data-element_type=\"column\">\n\t\t\t<div class=\"elementor-widget-wrap\">\n\t\t\t\t\t\t\t<\/div>\n\t\t<\/div>\n\t\t\t\t\t<\/div>\n\t\t<\/section>\n\t\t\t\t<section class=\"elementor-section elementor-inner-section elementor-element elementor-element-51a3d9d elementor-section-full_width elementor-section-height-default elementor-section-height-default\" data-id=\"51a3d9d\" data-element_type=\"section\">\n\t\t\t\t\t\t<div class=\"elementor-container elementor-column-gap-no\">\n\t\t\t\t\t<div class=\"elementor-column elementor-col-100 elementor-inner-column elementor-element elementor-element-41cf7b7\" data-id=\"41cf7b7\" data-element_type=\"column\">\n\t\t\t<div class=\"elementor-widget-wrap elementor-element-populated\">\n\t\t\t\t\t\t<div class=\"elementor-element elementor-element-7321b2c elementor-widget elementor-widget-techbiztestimonialslider\" data-id=\"7321b2c\" data-element_type=\"widget\" data-widget_type=\"techbiztestimonialslider.default\">\n\t\t\t\t<div class=\"elementor-widget-container\">\n\t\t\t\t\t<section class=\"testimonial-wrapper\"><div class=\"container wow fadeInUp\" data-wow-delay=\"0.2s\"><div class=\"row testi-style2-slide vs-carousel\" data-slide-to-show=\"2\" data-slick-arrows=\"true\" data-slick-autoplay=\"true\"><div class=\"col-xl-6\"><div class=\"testi-style2\"><div class=\"testi-body\"><div class=\"author-img\"><img decoding=\"async\" src=\"https:\/\/wordpress.vecurosoft.com\/techbiz\/wp-content\/uploads\/2022\/09\/auth-4-1.jpg\" alt=\"auth 4 1\"  \/><\/div><div class=\"media-body\"><p class=\"testi-text\">Eu j\u00e1 tive outros sistemas, mas nenhum trouxe a sensa\u00e7\u00e3o de controle que a Simsoft trouxe. Hoje eu acompanho melhor o financeiro, reduzi erros na opera\u00e7\u00e3o e consigo tomar decis\u00f5es com muito mais seguran\u00e7a. O suporte \u00e9 humano mesmo: explicam, acompanham e n\u00e3o deixam a gente na m\u00e3o.<\/p><\/div><\/div><\/div><\/div><div class=\"col-xl-6\"><div class=\"testi-style2\"><div class=\"testi-body\"><div class=\"author-img\"><img decoding=\"async\" src=\"https:\/\/wordpress.vecurosoft.com\/techbiz\/wp-content\/uploads\/2022\/09\/auth-4-1.jpg\" alt=\"auth 4 1\"  \/><\/div><div class=\"media-body\"><p class=\"testi-text\">O que me fez ficar foi o relacionamento. N\u00e3o \u00e9 s\u00f3 vender e sumir a equipe est\u00e1 presente, orienta e ajuda a ajustar os detalhes da rotina. A implanta\u00e7\u00e3o foi organizada, o sistema \u00e9 est\u00e1vel e a opera\u00e7\u00e3o ficou muito mais fluida, principalmente nos hor\u00e1rios de pico.<\/p><\/div><\/div><\/div><\/div><div class=\"col-xl-6\"><div class=\"testi-style2\"><div class=\"testi-body\"><div class=\"author-img\"><img decoding=\"async\" src=\"https:\/\/wordpress.vecurosoft.com\/techbiz\/wp-content\/uploads\/2022\/09\/auth-4-1.jpg\" alt=\"auth 4 1\"  \/><\/div><div class=\"media-body\"><p class=\"testi-text\">O que me fez ficar foi o relacionamento. N\u00e3o \u00e9 s\u00f3 vender e sumir a equipe est\u00e1 presente, orienta e ajuda a ajustar os detalhes da rotina. A implanta\u00e7\u00e3o foi organizada, o sistema \u00e9 est\u00e1vel e a opera\u00e7\u00e3o ficou muito mais fluida, principalmente nos hor\u00e1rios de pico.<\/p><\/div><\/div><\/div><\/div><div class=\"col-xl-6\"><div class=\"testi-style2\"><div class=\"testi-body\"><div class=\"author-img\"><img decoding=\"async\" src=\"https:\/\/wordpress.vecurosoft.com\/techbiz\/wp-content\/uploads\/2022\/09\/auth-4-1.jpg\" alt=\"auth 4 1\"  \/><\/div><div class=\"media-body\"><p class=\"testi-text\">A diferen\u00e7a est\u00e1 na clareza. Antes era muita planilha, informa\u00e7\u00e3o solta e retrabalho. Com a Simsoft, a gest\u00e3o ficou mais profissional e eu passei a enxergar melhor os n\u00fameros. Isso muda tudo: d\u00e1 previsibilidade e faz a empresa crescer com menos risco.<\/p><\/div><\/div><\/div><\/div><div class=\"col-xl-6\"><div class=\"testi-style2\"><div class=\"testi-body\"><div class=\"author-img\"><img decoding=\"async\" src=\"https:\/\/wordpress.vecurosoft.com\/techbiz\/wp-content\/uploads\/2022\/09\/auth-4-1.jpg\" alt=\"auth 4 1\"  \/><\/div><div class=\"media-body\"><p class=\"testi-text\">Eu precisava integrar canais e melhorar atendimento sem perder o controle do caixa. A solu\u00e7\u00e3o da Simsoft encaixou bem no meu cen\u00e1rio e o acompanhamento foi essencial para a equipe aderir. Resultado: mais organiza\u00e7\u00e3o, mais confian\u00e7a na opera\u00e7\u00e3o e evolu\u00e7\u00e3o cont\u00ednua.<\/p><\/div><\/div><\/div><\/div><\/div><\/div><\/section>\t\t\t\t<\/div>\n\t\t\t\t<\/div>\n\t\t\t\t\t<\/div>\n\t\t<\/div>\n\t\t\t\t\t<\/div>\n\t\t<\/section>\n\t\t\t\t\t<\/div>\n\t\t<\/div>\n\t\t\t\t\t<\/div>\n\t\t<\/section>\n\t\t\t\t<\/div>\n\t\t","protected":false},"excerpt":{"rendered":"<p>01 Miss\u00e3o Fornecer software de gest\u00e3o para empresas por meio de solu\u00e7\u00f5es confi\u00e1veis, com seriedade, responsabilidade e comprometimento. Mais do que sistemas, entregamos orienta\u00e7\u00e3o e acompanhamento para facilitar a rotina e aumentar a clareza das decis\u00f5es. 02 Vis\u00e3o Atingir 1.000 clientes ativos e estar presente em todos os estados do Brasil at\u00e9 2030, mantendo a&#8230;<\/p>\n","protected":false},"author":1,"featured_media":0,"parent":0,"menu_order":0,"comment_status":"closed","ping_status":"closed","template":"template-builder.php","meta":{"footnotes":""},"class_list":["post-67","page","type-page","status-publish","hentry"],"_links":{"self":[{"href":"https:\/\/simsoft.com.br\/index.php\/wp-json\/wp\/v2\/pages\/67","targetHints":{"allow":["GET"]}}],"collection":[{"href":"https:\/\/simsoft.com.br\/index.php\/wp-json\/wp\/v2\/pages"}],"about":[{"href":"https:\/\/simsoft.com.br\/index.php\/wp-json\/wp\/v2\/types\/page"}],"author":[{"embeddable":true,"href":"https:\/\/simsoft.com.br\/index.php\/wp-json\/wp\/v2\/users\/1"}],"replies":[{"embeddable":true,"href":"https:\/\/simsoft.com.br\/index.php\/wp-json\/wp\/v2\/comments?post=67"}],"version-history":[{"count":20,"href":"https:\/\/simsoft.com.br\/index.php\/wp-json\/wp\/v2\/pages\/67\/revisions"}],"predecessor-version":[{"id":13098,"href":"https:\/\/simsoft.com.br\/index.php\/wp-json\/wp\/v2\/pages\/67\/revisions\/13098"}],"wp:attachment":[{"href":"https:\/\/simsoft.com.br\/index.php\/wp-json\/wp\/v2\/media?parent=67"}],"curies":[{"name":"wp","href":"https:\/\/api.w.org\/{rel}","templated":true}]}}