{"id":12753,"date":"2026-01-29T21:19:12","date_gmt":"2026-01-29T21:19:12","guid":{"rendered":"https:\/\/simsoft.com.br\/?page_id=12753"},"modified":"2026-03-09T19:40:28","modified_gmt":"2026-03-09T19:40:28","slug":"voip-pabx-virtual","status":"publish","type":"page","link":"https:\/\/simsoft.com.br\/index.php\/voip-pabx-virtual\/","title":{"rendered":"VOIP \/ PABX Virtual"},"content":{"rendered":"\t\t<div data-elementor-type=\"wp-page\" data-elementor-id=\"12753\" class=\"elementor elementor-12753\">\n\t\t\t\t\t\t<section class=\"elementor-section elementor-top-section elementor-element elementor-element-df9e227 elementor-section-full_width elementor-section-height-default elementor-section-height-default\" data-id=\"df9e227\" data-element_type=\"section\">\n\t\t\t\t\t\t<div class=\"elementor-container elementor-column-gap-no\">\n\t\t\t\t\t<div class=\"elementor-column elementor-col-100 elementor-top-column elementor-element elementor-element-44f2c84a\" data-id=\"44f2c84a\" data-element_type=\"column\">\n\t\t\t<div class=\"elementor-widget-wrap elementor-element-populated\">\n\t\t\t\t\t\t<section class=\"elementor-section elementor-inner-section elementor-element elementor-element-4482b82 elementor-reverse-tablet elementor-reverse-mobile elementor-section-boxed elementor-section-height-default elementor-section-height-default\" data-id=\"4482b82\" data-element_type=\"section\">\n\t\t\t\t\t\t<div class=\"elementor-container elementor-column-gap-no\">\n\t\t\t\t\t<div class=\"elementor-column elementor-col-50 elementor-inner-column elementor-element elementor-element-598d7ca4\" data-id=\"598d7ca4\" data-element_type=\"column\">\n\t\t\t<div class=\"elementor-widget-wrap elementor-element-populated\">\n\t\t\t\t\t\t<div class=\"elementor-element elementor-element-2283cfc7 elementor-widget elementor-widget-text-editor\" data-id=\"2283cfc7\" data-element_type=\"widget\" data-widget_type=\"text-editor.default\">\n\t\t\t\t\t\t\t\t\t<div class=\"widget widget_categories \"><h3 class=\"widget_title\">Servi\u00e7os<\/h3><p><a href=\"https:\/\/simsoft.com.br\/index.php\/erp-para-restaurantes\/\"><b>ERP para Restaurantes<\/b><\/a><\/p><p><a href=\"https:\/\/simsoft.com.br\/index.php\/erp-para-varejo\/\"><b>ERP para Varejo<\/b><\/a><\/p><p><a href=\"https:\/\/simsoft.com.br\/index.php\/gestao-de-atendimento\/\"><b>Gest\u00e3o de Atendimento<\/b><\/a><\/p><p><a href=\"https:\/\/simsoft.com.br\/index.php\/delivery-proprio\/\"><b>Delivery Pr\u00f3prio<\/b><\/a><\/p><p><a href=\"https:\/\/simsoft.com.br\/index.php\/voip-pabx-virtual\/\"><b>VOIP \/ PABX Virtual<\/b><\/a><\/p><\/div>\t\t\t\t\t\t\t\t<\/div>\n\t\t\t\t<div class=\"elementor-element elementor-element-58dd7b25 quote-box p-0 elementor-widget elementor-widget-text-editor\" data-id=\"58dd7b25\" data-element_type=\"widget\" data-widget_type=\"text-editor.default\">\n\t\t\t\t\t\t\t\t\t<p>\u00a0<\/p><h3 class=\"quote-box__title\">Alguma D\u00favida?<\/h3><p><a class=\"vs-btn\" href=\"https:\/\/wa.me\/5516997191893\" target=\"_blank\" rel=\"noopener\">Falar com um Consultor<i class=\"far fa-arrow-right\"><\/i><\/a><\/p>\t\t\t\t\t\t\t\t<\/div>\n\t\t\t\t\t<\/div>\n\t\t<\/div>\n\t\t\t\t<div class=\"elementor-column elementor-col-50 elementor-inner-column elementor-element elementor-element-7a36cf29\" data-id=\"7a36cf29\" data-element_type=\"column\">\n\t\t\t<div class=\"elementor-widget-wrap elementor-element-populated\">\n\t\t\t\t\t\t<div class=\"elementor-element elementor-element-201b1595 elementor-widget elementor-widget-image\" data-id=\"201b1595\" data-element_type=\"widget\" data-widget_type=\"image.default\">\n\t\t\t\t\t\t\t\t\t\t\t\t\t\t\t<img fetchpriority=\"high\" decoding=\"async\" width=\"802\" height=\"488\" src=\"https:\/\/simsoft.com.br\/wp-content\/uploads\/2026\/01\/5-1.png\" class=\"attachment-full size-full wp-image-12884\" alt=\"\" srcset=\"https:\/\/simsoft.com.br\/wp-content\/uploads\/2026\/01\/5-1.png 802w, https:\/\/simsoft.com.br\/wp-content\/uploads\/2026\/01\/5-1-300x183.png 300w, https:\/\/simsoft.com.br\/wp-content\/uploads\/2026\/01\/5-1-768x467.png 768w\" sizes=\"(max-width: 802px) 100vw, 802px\" \/>\t\t\t\t\t\t\t\t\t\t\t\t\t\t\t<\/div>\n\t\t\t\t<div class=\"elementor-element elementor-element-31508be0 elementor-widget elementor-widget-heading\" data-id=\"31508be0\" data-element_type=\"widget\" data-widget_type=\"heading.default\">\n\t\t\t\t\t<h4 class=\"elementor-heading-title elementor-size-default\">VOIP \/ PABX Virtual<\/h4>\t\t\t\t<\/div>\n\t\t\t\t<div class=\"elementor-element elementor-element-36dc4a75 elementor-widget elementor-widget-text-editor\" data-id=\"36dc4a75\" data-element_type=\"widget\" data-widget_type=\"text-editor.default\">\n\t\t\t\t\t\t\t\t\t<p><span style=\"font-weight: 400;\">A plataforma VOIP\/PABX Virtual da Simsoft RP moderniza a comunica\u00e7\u00e3o da empresa, trazendo mais organiza\u00e7\u00e3o e efici\u00eancia ao atendimento. Em vez de depender de linhas convencionais e limita\u00e7\u00f5es f\u00edsicas, sua equipe atende com flexibilidade, mantendo padr\u00e3o e rastreabilidade. Isso melhora a experi\u00eancia do cliente, reduz perdas por chamadas n\u00e3o atendidas e profissionaliza a imagem do neg\u00f3cio. A solu\u00e7\u00e3o \u00e9 ideal para empresas que querem atendimento mais \u00e1gil, com estrutura e controle. Tudo com implanta\u00e7\u00e3o orientada e suporte humano para garantir funcionamento est\u00e1vel.<\/span><\/p>\t\t\t\t\t\t\t\t<\/div>\n\t\t\t\t<div class=\"elementor-element elementor-element-a11297d elementor-widget elementor-widget-text-editor\" data-id=\"a11297d\" data-element_type=\"widget\" data-widget_type=\"text-editor.default\">\n\t\t\t\t\t\t\t\t\t<p><span style=\"font-weight: 400;\">\u00a0Com telefonia sobre IP, \u00e9 poss\u00edvel criar ramais, configurar fluxos de atendimento, organizar setores e facilitar a distribui\u00e7\u00e3o de chamadas. A empresa ganha visibilidade do atendimento, com controle de volume e melhor gest\u00e3o do time. Al\u00e9m de otimizar custos, a solu\u00e7\u00e3o aumenta mobilidade, permitindo atendimento mesmo fora do ambiente f\u00edsico tradicional. Isso \u00e9 especialmente \u00fatil para equipes comerciais, suporte e opera\u00e7\u00f5es que precisam de disponibilidade e resposta r\u00e1pida. Resultado: comunica\u00e7\u00e3o mais clara, mais profissional e com menos gargalos.<\/span><\/p>\t\t\t\t\t\t\t\t<\/div>\n\t\t\t\t<div class=\"elementor-element elementor-element-3a6723f4 elementor-widget__width-initial elementor-widget-mobile__width-inherit elementor-widget elementor-widget-text-editor\" data-id=\"3a6723f4\" data-element_type=\"widget\" data-widget_type=\"text-editor.default\">\n\t\t\t\t\t\t\t\t\t<div class=\"service-list-box\"><h3 class=\"h5 title\"><span style=\"font-weight: 400;\">\u00a0Vantagens do VOIP<\/span><\/h3><div class=\"list-style3\"><ul><li style=\"font-weight: 400;\" aria-level=\"1\"><span style=\"font-weight: 400;\">Atendimento mais profissional e organizado<\/span><span style=\"font-weight: 400;\"><br \/><br \/><\/span><\/li><li style=\"font-weight: 400;\" aria-level=\"1\"><span style=\"font-weight: 400;\">Redu\u00e7\u00e3o de custos com telefonia IP<\/span><span style=\"font-weight: 400;\"><br \/><br \/><\/span><\/li><li style=\"font-weight: 400;\" aria-level=\"1\"><span style=\"font-weight: 400;\">Ramais e distribui\u00e7\u00e3o inteligente de chamadas<\/span><span style=\"font-weight: 400;\"><br \/><br \/><\/span><\/li><li style=\"font-weight: 400;\" aria-level=\"1\"><span style=\"font-weight: 400;\">Mais mobilidade para equipes e opera\u00e7\u00e3o<\/span><span style=\"font-weight: 400;\"><br \/><br \/><\/span><\/li><li style=\"font-weight: 400;\" aria-level=\"1\"><span style=\"font-weight: 400;\">Controle e visibilidade do fluxo de atendimento<\/span><\/li><li>\u00a0<\/li><\/ul><\/div><\/div>\t\t\t\t\t\t\t\t<\/div>\n\t\t\t\t\t<\/div>\n\t\t<\/div>\n\t\t\t\t\t<\/div>\n\t\t<\/section>\n\t\t\t\t\t<\/div>\n\t\t<\/div>\n\t\t\t\t\t<\/div>\n\t\t<\/section>\n\t\t\t\t<\/div>\n\t\t","protected":false},"excerpt":{"rendered":"<p>Servi\u00e7os ERP para Restaurantes ERP para Varejo Gest\u00e3o de Atendimento Delivery Pr\u00f3prio VOIP \/ PABX Virtual \u00a0 Alguma D\u00favida? Falar com um Consultor VOIP \/ PABX Virtual A plataforma VOIP\/PABX Virtual da Simsoft RP moderniza a comunica\u00e7\u00e3o da empresa, trazendo mais organiza\u00e7\u00e3o e efici\u00eancia ao atendimento. Em vez de depender de linhas convencionais e limita\u00e7\u00f5es&#8230;<\/p>\n","protected":false},"author":1,"featured_media":0,"parent":0,"menu_order":0,"comment_status":"closed","ping_status":"closed","template":"","meta":{"footnotes":""},"class_list":["post-12753","page","type-page","status-publish","hentry"],"_links":{"self":[{"href":"https:\/\/simsoft.com.br\/index.php\/wp-json\/wp\/v2\/pages\/12753","targetHints":{"allow":["GET"]}}],"collection":[{"href":"https:\/\/simsoft.com.br\/index.php\/wp-json\/wp\/v2\/pages"}],"about":[{"href":"https:\/\/simsoft.com.br\/index.php\/wp-json\/wp\/v2\/types\/page"}],"author":[{"embeddable":true,"href":"https:\/\/simsoft.com.br\/index.php\/wp-json\/wp\/v2\/users\/1"}],"replies":[{"embeddable":true,"href":"https:\/\/simsoft.com.br\/index.php\/wp-json\/wp\/v2\/comments?post=12753"}],"version-history":[{"count":16,"href":"https:\/\/simsoft.com.br\/index.php\/wp-json\/wp\/v2\/pages\/12753\/revisions"}],"predecessor-version":[{"id":13086,"href":"https:\/\/simsoft.com.br\/index.php\/wp-json\/wp\/v2\/pages\/12753\/revisions\/13086"}],"wp:attachment":[{"href":"https:\/\/simsoft.com.br\/index.php\/wp-json\/wp\/v2\/media?parent=12753"}],"curies":[{"name":"wp","href":"https:\/\/api.w.org\/{rel}","templated":true}]}}