{"id":12747,"date":"2026-01-29T21:18:24","date_gmt":"2026-01-29T21:18:24","guid":{"rendered":"https:\/\/simsoft.com.br\/?page_id=12747"},"modified":"2026-03-09T19:40:06","modified_gmt":"2026-03-09T19:40:06","slug":"erp-para-varejo","status":"publish","type":"page","link":"https:\/\/simsoft.com.br\/index.php\/erp-para-varejo\/","title":{"rendered":"ERP para Varejo"},"content":{"rendered":"\t\t<div data-elementor-type=\"wp-page\" data-elementor-id=\"12747\" class=\"elementor elementor-12747\">\n\t\t\t\t\t\t<section class=\"elementor-section elementor-top-section elementor-element elementor-element-2751f272 elementor-section-full_width elementor-section-height-default elementor-section-height-default\" data-id=\"2751f272\" data-element_type=\"section\">\n\t\t\t\t\t\t<div class=\"elementor-container elementor-column-gap-no\">\n\t\t\t\t\t<div class=\"elementor-column elementor-col-100 elementor-top-column elementor-element elementor-element-45d8cf22\" data-id=\"45d8cf22\" data-element_type=\"column\">\n\t\t\t<div class=\"elementor-widget-wrap elementor-element-populated\">\n\t\t\t\t\t\t<section class=\"elementor-section elementor-inner-section elementor-element elementor-element-789714ec elementor-reverse-tablet elementor-reverse-mobile elementor-section-boxed elementor-section-height-default elementor-section-height-default\" data-id=\"789714ec\" data-element_type=\"section\">\n\t\t\t\t\t\t<div class=\"elementor-container elementor-column-gap-no\">\n\t\t\t\t\t<div class=\"elementor-column elementor-col-50 elementor-inner-column elementor-element elementor-element-432356f5\" data-id=\"432356f5\" data-element_type=\"column\">\n\t\t\t<div class=\"elementor-widget-wrap elementor-element-populated\">\n\t\t\t\t\t\t<div class=\"elementor-element elementor-element-72b35ed5 elementor-widget elementor-widget-text-editor\" data-id=\"72b35ed5\" data-element_type=\"widget\" data-widget_type=\"text-editor.default\">\n\t\t\t\t\t\t\t\t\t<div class=\"widget widget_categories \"><h3 class=\"widget_title\">Servi\u00e7os<\/h3><p><a href=\"https:\/\/simsoft.com.br\/index.php\/erp-para-restaurantes\/\"><b>ERP para Restaurantes<\/b><\/a><\/p><p><a href=\"https:\/\/simsoft.com.br\/index.php\/erp-para-varejo\/\"><b>ERP para Varejo<\/b><\/a><\/p><p><a href=\"https:\/\/simsoft.com.br\/index.php\/gestao-de-atendimento\/\"><b>Gest\u00e3o de Atendimento<\/b><\/a><\/p><p><a href=\"https:\/\/simsoft.com.br\/index.php\/delivery-proprio\/\"><b>Delivery Pr\u00f3prio<\/b><\/a><\/p><p><a href=\"https:\/\/simsoft.com.br\/index.php\/voip-pabx-virtual\/\"><b>VOIP \/ PABX Virtual<\/b><\/a><\/p><\/div>\t\t\t\t\t\t\t\t<\/div>\n\t\t\t\t<div class=\"elementor-element elementor-element-5f1fcf23 quote-box p-0 elementor-widget elementor-widget-text-editor\" data-id=\"5f1fcf23\" data-element_type=\"widget\" data-widget_type=\"text-editor.default\">\n\t\t\t\t\t\t\t\t\t<p>\u00a0<\/p><h3 class=\"quote-box__title\">Alguma D\u00favida?<\/h3><p><a class=\"vs-btn\" href=\"https:\/\/wa.me\/5516997191893\" target=\"_blank\" rel=\"noopener\">Falar com um Consultor<i class=\"far fa-arrow-right\"><\/i><\/a><\/p>\t\t\t\t\t\t\t\t<\/div>\n\t\t\t\t\t<\/div>\n\t\t<\/div>\n\t\t\t\t<div class=\"elementor-column elementor-col-50 elementor-inner-column elementor-element elementor-element-3b9d0789\" data-id=\"3b9d0789\" data-element_type=\"column\">\n\t\t\t<div class=\"elementor-widget-wrap elementor-element-populated\">\n\t\t\t\t\t\t<div class=\"elementor-element elementor-element-1af5c049 elementor-widget elementor-widget-image\" data-id=\"1af5c049\" data-element_type=\"widget\" data-widget_type=\"image.default\">\n\t\t\t\t\t\t\t\t\t\t\t\t\t\t\t<img fetchpriority=\"high\" decoding=\"async\" width=\"802\" height=\"488\" src=\"https:\/\/simsoft.com.br\/wp-content\/uploads\/2026\/01\/2-4.png\" class=\"attachment-full size-full wp-image-12871\" alt=\"\" srcset=\"https:\/\/simsoft.com.br\/wp-content\/uploads\/2026\/01\/2-4.png 802w, https:\/\/simsoft.com.br\/wp-content\/uploads\/2026\/01\/2-4-300x183.png 300w, https:\/\/simsoft.com.br\/wp-content\/uploads\/2026\/01\/2-4-768x467.png 768w\" sizes=\"(max-width: 802px) 100vw, 802px\" \/>\t\t\t\t\t\t\t\t\t\t\t\t\t\t\t<\/div>\n\t\t\t\t<div class=\"elementor-element elementor-element-680128ef elementor-widget elementor-widget-heading\" data-id=\"680128ef\" data-element_type=\"widget\" data-widget_type=\"heading.default\">\n\t\t\t\t\t<h4 class=\"elementor-heading-title elementor-size-default\">ERP para Varejo<\/h4>\t\t\t\t<\/div>\n\t\t\t\t<div class=\"elementor-element elementor-element-4eb36794 elementor-widget elementor-widget-text-editor\" data-id=\"4eb36794\" data-element_type=\"widget\" data-widget_type=\"text-editor.default\">\n\t\t\t\t\t\t\t\t\t<p><span style=\"font-weight: 400;\">\u00a0O ERP Varejo da Simsoft RP \u00e9 ideal para empresas que precisam de gest\u00e3o robusta, frente de caixa segura e vis\u00e3o real do neg\u00f3cio. Ele unifica rotinas administrativas e financeiras em ambiente web, reduz retrabalho e melhora a qualidade das decis\u00f5es. Com suporte a multi-lojas, a solu\u00e7\u00e3o ajuda a padronizar processos, acompanhar resultados por unidade e manter consist\u00eancia operacional. Voc\u00ea ganha relat\u00f3rios personaliz\u00e1veis e indicadores claros para controlar margens, giro e performance. \u00c9 gest\u00e3o pr\u00e1tica para crescer com previsibilidade.<\/span><\/p>\t\t\t\t\t\t\t\t<\/div>\n\t\t\t\t<div class=\"elementor-element elementor-element-5e9d08c elementor-widget elementor-widget-text-editor\" data-id=\"5e9d08c\" data-element_type=\"widget\" data-widget_type=\"text-editor.default\">\n\t\t\t\t\t\t\t\t\t<p><span style=\"font-weight: 400;\">Al\u00e9m do PDV off-line e recebimentos via Pix\/TEF, o sistema se destaca pelas integra\u00e7\u00f5es com e-commerce e marketplaces, conectando canais para ampliar vendas sem perder controle. Tamb\u00e9m pode integrar com solu\u00e7\u00f5es de saneamento tribut\u00e1rio para enfrentar mudan\u00e7as e manter conformidade, ajudando sua empresa a se preparar para novos cen\u00e1rios fiscais. Para opera\u00e7\u00f5es que precisam de servi\u00e7os e rotinas complementares, h\u00e1 gest\u00e3o de ordens de servi\u00e7o e emiss\u00e3o de documentos como NF-e, NFC-e, NFS-e, MDF-e e CT-e, conforme a necessidade. Tudo com acompanhamento e relacionamento pr\u00f3ximo para garantir implanta\u00e7\u00e3o eficiente e ado\u00e7\u00e3o pela equipe.<\/span><\/p>\t\t\t\t\t\t\t\t<\/div>\n\t\t\t\t<div class=\"elementor-element elementor-element-3c4f4ae1 elementor-widget__width-initial elementor-widget-mobile__width-inherit elementor-widget elementor-widget-text-editor\" data-id=\"3c4f4ae1\" data-element_type=\"widget\" data-widget_type=\"text-editor.default\">\n\t\t\t\t\t\t\t\t\t<div class=\"service-list-box\"><h3 class=\"h5 title\"><span style=\"font-weight: 400;\">O que voc\u00ea controla<\/span><\/h3><div class=\"list-style3\"><ul><li style=\"font-weight: 400;\" aria-level=\"1\"><span style=\"font-weight: 400;\">Gest\u00e3o web e multi-lojas com vis\u00e3o consolidada<\/span><span style=\"font-weight: 400;\"><br \/><br \/><\/span><\/li><li style=\"font-weight: 400;\" aria-level=\"1\"><span style=\"font-weight: 400;\">PDV seguro com opera\u00e7\u00e3o est\u00e1vel (inclusive off-line)<\/span><span style=\"font-weight: 400;\"><br \/><br \/><\/span><\/li><li style=\"font-weight: 400;\" aria-level=\"1\"><span style=\"font-weight: 400;\">Integra\u00e7\u00f5es com e-commerce e marketplaces<\/span><span style=\"font-weight: 400;\"><br \/><br \/><\/span><\/li><li style=\"font-weight: 400;\" aria-level=\"1\"><span style=\"font-weight: 400;\">Financeiro com concilia\u00e7\u00e3o e previsibilidade de receb\u00edveis<\/span><span style=\"font-weight: 400;\"><br \/><br \/><\/span><\/li><li style=\"font-weight: 400;\" aria-level=\"1\"><span style=\"font-weight: 400;\">Emiss\u00f5es fiscais e rotinas alinhadas \u00e0 conformidade<\/span><\/li><li>\u00a0<\/li><\/ul><\/div><\/div>\t\t\t\t\t\t\t\t<\/div>\n\t\t\t\t\t<\/div>\n\t\t<\/div>\n\t\t\t\t\t<\/div>\n\t\t<\/section>\n\t\t\t\t\t<\/div>\n\t\t<\/div>\n\t\t\t\t\t<\/div>\n\t\t<\/section>\n\t\t\t\t<\/div>\n\t\t","protected":false},"excerpt":{"rendered":"<p>Servi\u00e7os ERP para Restaurantes ERP para Varejo Gest\u00e3o de Atendimento Delivery Pr\u00f3prio VOIP \/ PABX Virtual \u00a0 Alguma D\u00favida? Falar com um Consultor ERP para Varejo \u00a0O ERP Varejo da Simsoft RP \u00e9 ideal para empresas que precisam de gest\u00e3o robusta, frente de caixa segura e vis\u00e3o real do neg\u00f3cio. Ele unifica rotinas administrativas e&#8230;<\/p>\n","protected":false},"author":1,"featured_media":0,"parent":0,"menu_order":0,"comment_status":"closed","ping_status":"closed","template":"","meta":{"footnotes":""},"class_list":["post-12747","page","type-page","status-publish","hentry"],"_links":{"self":[{"href":"https:\/\/simsoft.com.br\/index.php\/wp-json\/wp\/v2\/pages\/12747","targetHints":{"allow":["GET"]}}],"collection":[{"href":"https:\/\/simsoft.com.br\/index.php\/wp-json\/wp\/v2\/pages"}],"about":[{"href":"https:\/\/simsoft.com.br\/index.php\/wp-json\/wp\/v2\/types\/page"}],"author":[{"embeddable":true,"href":"https:\/\/simsoft.com.br\/index.php\/wp-json\/wp\/v2\/users\/1"}],"replies":[{"embeddable":true,"href":"https:\/\/simsoft.com.br\/index.php\/wp-json\/wp\/v2\/comments?post=12747"}],"version-history":[{"count":16,"href":"https:\/\/simsoft.com.br\/index.php\/wp-json\/wp\/v2\/pages\/12747\/revisions"}],"predecessor-version":[{"id":13077,"href":"https:\/\/simsoft.com.br\/index.php\/wp-json\/wp\/v2\/pages\/12747\/revisions\/13077"}],"wp:attachment":[{"href":"https:\/\/simsoft.com.br\/index.php\/wp-json\/wp\/v2\/media?parent=12747"}],"curies":[{"name":"wp","href":"https:\/\/api.w.org\/{rel}","templated":true}]}}